{"id":2237,"date":"2024-07-15T11:35:52","date_gmt":"2024-07-15T09:35:52","guid":{"rendered":"https:\/\/www.camping-vert-gapeau.com\/mentions-legales\/"},"modified":"2025-01-28T14:36:28","modified_gmt":"2025-01-28T13:36:28","slug":"juridische-mededelingen","status":"publish","type":"page","link":"https:\/\/www.camping-vert-gapeau.com\/nl\/juridische-mededelingen\/","title":{"rendered":"Juridische informatie"},"content":{"rendered":"<h1 style=\"text-align: center;\">Juridische informatie<\/h1>\n\n<div class=\"columns\"><div class=\"columns__item\"><p class=\"h2\"   ><strong><span itemprop=\"name\">Camping Vert Gapeau<\/span><\/strong><br><span class=\"wrp_denomination\">SARL VERT GAPEAU<\/span><\/p><p    ><strong>Adres<\/strong>:  <span itemprop=\"address\">Vall\u00e9e de Sauvebonne RD12 N\u00b04449<\/span> <span itemprop=\"address2\">83400 Hy\u00e8res<\/span><br><strong>Tel:<\/strong> <a itemprop=\"telephone\" href=\"tel:+33494656855\">04 94 65 68 55<\/a><br><strong>Mail:<\/strong> <span itemprop=\"email\">camping@vertgapeau.com<\/span><br><strong>SIRET:<\/strong> <span class=\"wrp_siret\">38502694300014<\/span><br><strong>RCS:<\/strong> <span class=\"wrp_rcs\">Toulon B 385 026 943<\/span><br><strong>BTW :<\/strong> <span class=\"wrp_tva\">FR88385026943<\/span><br><strong>Kapitaal :<\/strong> <span class=\"wrp_capital\">302 504,58 \u20ac<\/span><\/p><p    ><a href=\"https:\/\/www.camping-vert-gapeau.com\/nl\/\" itemprop=\"url\">camping-vert-gapeau.com\/nl\/<\/a> De website wordt gehost door <strong>Niwanet<\/strong>.<\/p><p   id=\"https:\/\/francecom.fr\/\" ><strong><br><\/strong><br><br><br><br><br>F<strong>RANCECOM, Web Agency<\/strong>8 rue des Bruy\u00e8res, b\u00e2timent B, 44400 Rez\u00e9 <strong><strong>T\u00e9l<\/strong>: 02 51 80 88 88<strong>Fax<\/strong>: 02 51 80 88 87<strong>Web<\/strong>: <a rel=\"noreferrer noopener\" href=\"https:\/\/francecom.fr\/\" data-type=\"URL\" data-id=\"https:\/\/francecom.fr\/\" target=\"_blank\">https:\/\/francecom.fr\/<\/a> RCS : Nantes B 410 557 151 SIRET : 41055715100041<\/strong><\/p><p    ><a href=\"https:\/\/www.camping-vert-gapeau.com\/nl\/\" itemprop=\"url\">camping-vert-gapeau.com\/nl\/<\/a> Het raadplegen van de website is onderworpen aan de volledige aanvaarding en naleving van de volgende gebruiksvoorwaarden door de internetgebruikers.<\/p><p    >De internetgebruiker verbindt zich ertoe de informatie op de Site op een persoonlijke en niet-commerci\u00eble manier te gebruiken. Indien de internetgebruiker de bepalingen van dit Handvest niet naleeft, kan hij burgerlijk en\/of strafrechtelijk aansprakelijk worden gesteld. <\/p><p class=\"h2\"   ><strong><strong><strong>Site-inhoud<\/strong><\/strong><\/strong><\/p><p    >De site wordt beheerd door <strong><strong><span itemprop=\"name\">Camping Vert Gapeau<\/span><\/strong><\/strong>.<\/p><p    >De site presenteert de activiteiten van het bedrijf <strong><strong><span itemprop=\"name\">Camping Vert Gapeau<\/span><\/strong><\/strong>.<\/p><p class=\"h2\"   ><strong><strong><strong>Intellectueel eigendom<\/strong><\/strong><\/strong><\/p><p    ><a href=\"https:\/\/www.camping-vert-gapeau.com\/nl\/\" itemprop=\"url\">camping-vert-gapeau.com\/nl\/<\/a> De Site vormt een werk waarvan <strong>Francecom<\/strong> de auteur is in de zin van artikelen L111.1 en volgende van de Franse wet op intellectueel eigendom.<\/p><p    ><a href=\"https:\/\/www.camping-vert-gapeau.com\/nl\/\" itemprop=\"url\">camping-vert-gapeau.com\/nl\/<\/a> In het algemeen zijn de gegevens, programma&#8217;s, muziekfragmenten, teksten, informatie, logo&#8217;s, visuele identiteiten, afbeeldingen, al dan niet geanimeerd, en hun lay-out die op de site verschijnen eigendom van <strong>Francecom<\/strong> (met uitzondering van foto&#8217;s die eigendom zijn van het bedrijf en teksten geschreven door het bedrijf). <strong><strong><strong><span itemprop=\"name\">Camping Vert Gapeau<\/span><\/strong><\/strong><\/strong> en teksten geschreven door het bedrijf <strong><strong><strong><span itemprop=\"name\">Camping Vert Gapeau<\/span><\/strong><\/strong><\/strong>) en zijn als zodanig beschermd door de bepalingen van de Franse wet op intellectueel eigendom.<\/p><p    >Alle internetgebruikers verbinden zich ertoe deze niet te gebruiken en niet toe te staan dat iemand anders deze inhoud voor illegale doeleinden gebruikt.<\/p><p    ><a href=\"https:\/\/www.camping-vert-gapeau.com\/nl\/\" itemprop=\"url\">camping-vert-gapeau.com\/nl\/<\/a> Elke weergave of reproductie, geheel of gedeeltelijk, permanent of tijdelijk, op een computermedium en\/of papier, en door welk proc\u00e9d\u00e9 dan ook (met name door framing*), van een van de elementen van de Site of van de te koop aangeboden diensten, zonder de voorafgaande en uitdrukkelijke toestemming van <strong>Francecom<\/strong>, is verboden en vormt een daad van namaak, die kan leiden tot civielrechtelijke en\/of strafrechtelijke sancties. Alleen het afdrukken op papier is toegestaan voor priv\u00e9-kopie\u00ebn voor het exclusieve gebruik van de kopieerder in de zin van artikel L122-5 2\u00b0 van de Code de la Propri\u00e9t\u00e9 Intellectuelle. <\/p><p    ><a href=\"https:\/\/www.camping-vert-gapeau.com\/nl\/\" itemprop=\"url\">camping-vert-gapeau.com\/nl\/<\/a> Zonder voorafgaande en uitdrukkelijke toestemming van <strong>Francecom<\/strong> mag er geen hyperlink naar de site worden ge\u00efnstalleerd.<\/p><p    >*Het overnemen van de inhoud van pagina&#8217;s op een website en deze overbrengen naar de eigen website door middel van een hypertextlink, waardoor de genoemde inhoud van de eigen website lijkt te zijn.<\/p><p class=\"h2\"   ><strong><strong><strong>Foto&#8217;s<\/strong><\/strong><\/strong><\/p><p    >Niet-contractuele foto&#8217;s.<\/p><\/div><div class=\"columns__item\"><p class=\"h2\"   ><strong><strong>Aansprakelijkheid<\/strong><\/strong><\/p><p    >Het bedrijf<strong> <strong><span itemprop=\"name\">Camping Vert Gapeau<\/span><\/strong><\/strong><a href=\"https:\/\/www.camping-vert-gapeau.com\/nl\/\" itemprop=\"url\">camping-vert-gapeau.com\/nl\/<\/a> wijst alle verantwoordelijkheid af voor eventuele storingen die op de site kunnen optreden en die resulteren in verlies van gegevens of onbeschikbaarheid van de op de site geproduceerde informatie.<\/p><p    ><a href=\"https:\/\/www.camping-vert-gapeau.com\/nl\/\" itemprop=\"url\">camping-vert-gapeau.com\/nl\/<\/a> De informatie op de website kan zonder voorafgaande kennisgeving worden gewijzigd en wordt ter beschikking gesteld aan internetgebruikers zonder enige uitdrukkelijke of stilzwijgende garantie van welke aard dan ook.<\/p><p    ><a href=\"https:\/\/www.camping-vert-gapeau.com\/nl\/\" itemprop=\"url\">camping-vert-gapeau.com\/nl\/<\/a> De aanwezigheid van hyperlinks op de site &#8211; ongeacht of het bedrijf daar vooraf toestemming voor heeft gegeven of niet &#8211; leidt niet tot gezamenlijke aansprakelijkheid tussen het bedrijf en de eigenaren van de andere sites voor wat betreft de inhoud van de sites waarnaar de internetgebruiker wordt doorgestuurd.<strong><strong><strong><span itemprop=\"name\">Camping Vert Gapeau<\/span><\/strong><\/strong><\/strong> &#8211; cre\u00ebert geen gezamenlijke aansprakelijkheid tussen het bedrijf en de eigenaren van de andere sites, met betrekking tot de inhoud van de sites waarnaar de internetgebruiker wordt doorverwezen.<\/p><p    >Het bedrijf  <strong><strong><strong><span itemprop=\"name\">Camping Vert Gapeau<\/span><\/strong><\/strong><\/strong> <a href=\"https:\/\/www.camping-vert-gapeau.com\/nl\/\" itemprop=\"url\">camping-vert-gapeau.com\/nl\/<\/a> kan de volledigheid en juistheid van de informatie op de website niet garanderen. Ook kan niet worden gegarandeerd dat deze niet is gewijzigd door derden (inbraak, virus). <\/p><p    ><a href=\"https:\/\/www.camping-vert-gapeau.com\/nl\/\" itemprop=\"url\">camping-vert-gapeau.com\/nl\/<\/a> Bovendien zijn internetgebruikers zelf verantwoordelijk voor hun gebruik van de inhoud van de website. Behalve in het geval van grove nalatigheid van de kant van  <strong><strong><strong><span itemprop=\"name\">Camping Vert Gapeau<\/span><\/strong><\/strong><\/strong><a href=\"https:\/\/www.camping-vert-gapeau.com\/nl\/\" itemprop=\"url\">camping-vert-gapeau.com\/nl\/<\/a>Het bedrijf is in geen geval aansprakelijk voor directe, indirecte of gevolgschade die voortvloeit uit het gebruik van de informatie op de website.<\/p><p class=\"h2\"   ><strong><strong>Toepasselijk recht en jurisdictie<\/strong><\/strong><\/p><p    ><a href=\"https:\/\/www.camping-vert-gapeau.com\/nl\/\" itemprop=\"url\">camping-vert-gapeau.com\/nl\/<\/a> Alle op de website gepubliceerde informatie en het gebruik ervan zijn uitsluitend onderworpen aan het Franse recht. <strong> <span class=\"wrp_cours_appel\">d'Aix-en-Provence<\/span><\/strong> <a href=\"https:\/\/www.camping-vert-gapeau.com\/nl\/\" itemprop=\"url\">camping-vert-gapeau.com\/nl\/<\/a> Alleen de rechtbanken binnen de jurisdictie van het<strong> Hof van Beroep zijn<\/strong> bevoegd om kennis te nemen van eventuele geschillen die voortvloeien uit het gebruik van de website. <br><\/p><p    ><br><br><br><br>C<strong>M2C<\/strong> 14 rue Saint Jean 75017 Parijs<a href=\"https:\/\/www.cm2c.net\/\" target=\"_blank\" rel=\"noreferrer noopener\">cm2c.net<\/a><a href=\"mailto:cm2c@cm2c.net\">cm2c@cm2c.net<\/a><\/p><p class=\"h2\"   ><strong>Algemene verkoopvoorwaarden<\/strong><\/p><p    ><a href=\"https:\/\/www.camping-vert-gapeau.com\/nl\/\" itemprop=\"url\">camping-vert-gapeau.com\/nl\/<\/a> Op de website kunnen geen aankopen worden gedaan. De algemene verkoopvoorwaarden zijn beschikbaar in de sectie Documenten om te downloaden of op aanvraag op het volgende adres  <strong><strong><span itemprop=\"email\">camping@vertgapeau.com<\/span><\/strong><\/strong><\/p><p class=\"h2\"   ><strong>Informatie over cookies op onze site<\/strong><\/p><p   id=\"2133\" >Gedetailleerde informatie over cookies en hoe deze op de site worden beheerd, is hier beschikbaar: <a href=\"https:\/\/www.camping-vert-gapeau.com\/nl\/cookie-beleid-eu\/\" data-type=\"page\" data-id=\"2133\">Cookiebeleid (EU)<\/a><\/p><p    >Meer informatie over het gebruik van cookies vindt u op de website van de CNIL: <a href=\"https:\/\/www.cnil.fr\/fr\/cookies-et-autres-traceurs\/comment-se-proteger\/maitriser-votre-navigateur\" target=\"_blank\" rel=\"noreferrer noopener\">cnil.fr<\/a><\/p><p    ><strong>Informatie over het privacybeleid en het beheer van persoonlijke gegevens:<\/strong><\/p><p   id=\"2241\" >Gedetailleerde informatie over het <a href=\"https:\/\/www.camping-vert-gapeau.com\/nl\/vertrouwelijkheid-en-persoonlijke-gegevens\/\" data-type=\"page\" data-id=\"2241\">privacybeleid en het beheer van persoonlijke gegevens<\/a><\/p><\/div><\/div>","protected":false},"excerpt":{"rendered":"<p>Juridische informatie Adres: Tel: Mail: SIRET: RCS: BTW : Kapitaal : De website wordt gehost door Niwanet. FRANCECOM, Web Agency8 rue des Bruy\u00e8res, b\u00e2timent B, 44400 Rez\u00e9 T\u00e9l: 02 51 80 88 88Fax: 02 51 80 88 87Web: https:\/\/francecom.fr\/ RCS : Nantes B 410 557 151 SIRET : 41055715100041 Het raadplegen van de website is [&hellip;]<\/p>\n","protected":false},"author":1,"featured_media":0,"parent":0,"menu_order":0,"comment_status":"closed","ping_status":"closed","template":"","meta":{"_acf_changed":false,"footnotes":""},"acf":[],"_links":{"self":[{"href":"https:\/\/www.camping-vert-gapeau.com\/nl\/wp-json\/wp\/v2\/pages\/2237"}],"collection":[{"href":"https:\/\/www.camping-vert-gapeau.com\/nl\/wp-json\/wp\/v2\/pages"}],"about":[{"href":"https:\/\/www.camping-vert-gapeau.com\/nl\/wp-json\/wp\/v2\/types\/page"}],"author":[{"embeddable":true,"href":"https:\/\/www.camping-vert-gapeau.com\/nl\/wp-json\/wp\/v2\/users\/1"}],"replies":[{"embeddable":true,"href":"https:\/\/www.camping-vert-gapeau.com\/nl\/wp-json\/wp\/v2\/comments?post=2237"}],"version-history":[{"count":3,"href":"https:\/\/www.camping-vert-gapeau.com\/nl\/wp-json\/wp\/v2\/pages\/2237\/revisions"}],"predecessor-version":[{"id":2295,"href":"https:\/\/www.camping-vert-gapeau.com\/nl\/wp-json\/wp\/v2\/pages\/2237\/revisions\/2295"}],"wp:attachment":[{"href":"https:\/\/www.camping-vert-gapeau.com\/nl\/wp-json\/wp\/v2\/media?parent=2237"}],"curies":[{"name":"wp","href":"https:\/\/api.w.org\/{rel}","templated":true}]}}