{"id":2239,"date":"2024-07-15T11:35:52","date_gmt":"2024-07-15T09:35:52","guid":{"rendered":"https:\/\/www.camping-vert-gapeau.com\/mentions-legales\/"},"modified":"2025-01-28T14:35:50","modified_gmt":"2025-01-28T13:35:50","slug":"legal-notices","status":"publish","type":"page","link":"https:\/\/www.camping-vert-gapeau.com\/en\/legal-notices\/","title":{"rendered":"Terms of use"},"content":{"rendered":"<h1 style=\"text-align: center;\">Terms of use<\/h1>\n\n<div class=\"columns\"><div class=\"columns__item\"><p class=\"h2\"   ><strong><span itemprop=\"name\">Camping Vert Gapeau<\/span><\/strong><br><span class=\"wrp_denomination\">SARL VERT GAPEAU<\/span><\/p><p    ><strong>Address<\/strong>:  <span itemprop=\"address\">Vall\u00e9e de Sauvebonne RD12 N\u00b04449<\/span> <span itemprop=\"address2\">83400 Hy\u00e8res<\/span><br><strong>Tel:<\/strong> <a itemprop=\"telephone\" href=\"tel:+33494656855\">04 94 65 68 55<\/a><br><strong>Mail:<\/strong> <span itemprop=\"email\">camping@vertgapeau.com<\/span><br><strong>SIRET:<\/strong> <span class=\"wrp_siret\">38502694300014<\/span><br><strong>RCS:<\/strong> <span class=\"wrp_rcs\">Toulon B 385 026 943<\/span><br><strong>VAT :<\/strong> <span class=\"wrp_tva\">FR88385026943<\/span><br><strong>Capital :<\/strong> <span class=\"wrp_capital\">302 504,58 \u20ac<\/span><\/p><p    >The <a href=\"https:\/\/www.camping-vert-gapeau.com\/en\/\" itemprop=\"url\">camping-vert-gapeau.com\/en\/<\/a> website is hosted by <strong>Niwanet<\/strong>.<\/p><p   id=\"https:\/\/francecom.fr\/\" ><strong>FRANCECOM, Web Agency<br><\/strong>8 rue des Bruy\u00e8res, b\u00e2timent B, 44400 Rez\u00e9<br><strong>T\u00e9l<\/strong>: 02 51 80 88 88<br><strong>Fax<\/strong>: 02 51 80 88 87<br><strong>Web<\/strong>: <a rel=\"noreferrer noopener\" href=\"https:\/\/francecom.fr\/\" data-type=\"URL\" data-id=\"https:\/\/francecom.fr\/\" target=\"_blank\">https:\/\/francecom.fr\/<\/a><br>RCS : Nantes B 410 557 151<br>SIRET : 41055715100041<\/p><p    >Consultation of the <a href=\"https:\/\/www.camping-vert-gapeau.com\/en\/\" itemprop=\"url\">camping-vert-gapeau.com\/en\/<\/a> website is subject to full acceptance of and compliance with the following conditions of use.<\/p><p    >The Internet user hereby undertakes to make personal and non-commercial use of the information contained on the Site. Should the user fail to comply with the provisions of this Charter, he\/she may be held civilly and\/or criminally liable. <\/p><p class=\"h2\"   ><strong><strong><strong>Site content<\/strong><\/strong><\/strong><\/p><p    >The site is operated by <strong><strong><span itemprop=\"name\">Camping Vert Gapeau<\/span><\/strong><\/strong>.<\/p><p    >The site presents the company&#8217;s activities <strong><strong><span itemprop=\"name\">Camping Vert Gapeau<\/span><\/strong><\/strong>.<\/p><p class=\"h2\"   ><strong><strong><strong>Intellectual Property<\/strong><\/strong><\/strong><\/p><p    >The <a href=\"https:\/\/www.camping-vert-gapeau.com\/en\/\" itemprop=\"url\">camping-vert-gapeau.com\/en\/<\/a> website constitutes a work of which <strong>Francecom<\/strong> is the author within the meaning of articles L111.1 et seq. of the French Intellectual Property Code.<\/p><p    >In general, the data, programs, musical samples, texts, information, logos, visual identities, images, whether animated or not, and their formatting appearing on the <a href=\"https:\/\/www.camping-vert-gapeau.com\/en\/\" itemprop=\"url\">camping-vert-gapeau.com\/en\/<\/a> site are the property of <strong>Francecom<\/strong> (excluding photos belonging to the company <strong><strong><strong><span itemprop=\"name\">Camping Vert Gapeau<\/span><\/strong><\/strong><\/strong> and texts written by the company <strong><strong><strong><span itemprop=\"name\">Camping Vert Gapeau<\/span><\/strong><\/strong><\/strong>) and are protected as such by the provisions of the French Intellectual Property Code.<\/p><p    >All Internet users undertake not to use them or allow anyone else to use them for illegal purposes.<\/p><p    >Any representation or reproduction, total or partial, permanent or temporary, on a computer medium and\/or paper, and by any means whatsoever (including framing*), of any of the elements of the Site <a href=\"https:\/\/www.camping-vert-gapeau.com\/en\/\" itemprop=\"url\">camping-vert-gapeau.com\/en\/<\/a> or services offered for sale, without the prior express consent of <strong>Francecom<\/strong> is prohibited, and constitutes an act of infringement, which may result in civil and\/or criminal penalties. Only paper printouts are authorized for the purposes of private copying for the exclusive use of the copier within the meaning of article L122-5 2\u00b0 of the French Intellectual Property Code. <\/p><p    >No hypertext link to the <a href=\"https:\/\/www.camping-vert-gapeau.com\/en\/\" itemprop=\"url\">camping-vert-gapeau.com\/en\/<\/a> site may be installed without <strong>Francecom<\/strong>&#8216;s express prior consent.<\/p><p    >*The act of capturing the content of pages on a website and transferring it to one&#8217;s own website via a hypertext link, making the said content appear to be one&#8217;s own.<\/p><p class=\"h2\"   ><strong><strong><strong>Photo credits<\/strong><\/strong><\/strong><\/p><p    >Non-contractual photos.<\/p><\/div><div class=\"columns__item\"><p class=\"h2\"   ><strong><strong>Liability<\/strong><\/strong><\/p><p    >The company<strong> <strong><span itemprop=\"name\">Camping Vert Gapeau<\/span><\/strong><\/strong> declines all responsibility for any malfunctions that may occur on the <a href=\"https:\/\/www.camping-vert-gapeau.com\/en\/\" itemprop=\"url\">camping-vert-gapeau.com\/en\/<\/a> site, resulting in loss of data or unavailability of access to information produced on the site.<\/p><p    >The elements presented on the <a href=\"https:\/\/www.camping-vert-gapeau.com\/en\/\" itemprop=\"url\">camping-vert-gapeau.com\/en\/<\/a> website are subject to change without notice and are made available to Internet users without any express or tacit guarantee of any kind.<\/p><p    >The presence of hypertext links on the <a href=\"https:\/\/www.camping-vert-gapeau.com\/en\/\" itemprop=\"url\">camping-vert-gapeau.com\/en\/<\/a> site &#8211; regardless of whether or not the company has given its prior consent &#8211; does not create joint liability between the company and the owners of the other sites, as regards the content of the sites to which the user is redirected. <strong><strong><strong><span itemprop=\"name\">Camping Vert Gapeau<\/span><\/strong><\/strong><\/strong> &#8211; does not create joint liability between the company and the owners of the other sites, as regards the content of the sites to which the Internet user is redirected.<\/p><p    >The company  <strong><strong><strong><span itemprop=\"name\">Camping Vert Gapeau<\/span><\/strong><\/strong><\/strong>  cannot guarantee the completeness or accuracy of the information provided on the <a href=\"https:\/\/www.camping-vert-gapeau.com\/en\/\" itemprop=\"url\">camping-vert-gapeau.com\/en\/<\/a> website. In the same way, it cannot guarantee the absence of modification by a third party (intrusion, virus).<\/p><p    >Furthermore, Internet users are solely responsible for their use of the content of the <a href=\"https:\/\/www.camping-vert-gapeau.com\/en\/\" itemprop=\"url\">camping-vert-gapeau.com\/en\/<\/a> website. Except in the case of gross negligence on the part of the company  <strong><strong><strong><span itemprop=\"name\">Camping Vert Gapeau<\/span><\/strong><\/strong><\/strong>It cannot be held liable for any direct or indirect damage resulting from the use of information provided on the <a href=\"https:\/\/www.camping-vert-gapeau.com\/en\/\" itemprop=\"url\">camping-vert-gapeau.com\/en\/<\/a> website.<\/p><p class=\"h2\"   ><strong><strong>Applicable law and jurisdiction<\/strong><\/strong><\/p><p    >All information published on the <a href=\"https:\/\/www.camping-vert-gapeau.com\/en\/\" itemprop=\"url\">camping-vert-gapeau.com\/en\/<\/a> website and the use made of it are subject exclusively to French law. Only the courts within the jurisdiction of the<strong> Court of Appeal <span class=\"wrp_cours_appel\">d'Aix-en-Provence<\/span><\/strong> are competent to hear any disputes arising from the use of the <a href=\"https:\/\/www.camping-vert-gapeau.com\/en\/\" itemprop=\"url\">camping-vert-gapeau.com\/en\/<\/a> website.<br><\/p><p    ><strong>CM2C<\/strong><br>14 rue Saint Jean<br>75017 Paris<br><a href=\"https:\/\/www.cm2c.net\/\" target=\"_blank\" rel=\"noreferrer noopener\">cm2c.net<\/a><br><a href=\"mailto:cm2c@cm2c.net\">cm2c@cm2c.net<\/a><\/p><p class=\"h2\"   ><strong>General terms and conditions<\/strong><\/p><p    >The <a href=\"https:\/\/www.camping-vert-gapeau.com\/en\/\" itemprop=\"url\">camping-vert-gapeau.com\/en\/<\/a> website does not allow purchases to be made on the site. The General Terms and Conditions of Sale are available in the Downloads section, or on request from the following address  <strong><strong><span itemprop=\"email\">camping@vertgapeau.com<\/span><\/strong><\/strong><\/p><p class=\"h2\"   ><strong>Information about cookies on our site<\/strong><\/p><p   id=\"2233\" >Detailed information on cookies and their management on the site is available here : <a href=\"https:\/\/www.camping-vert-gapeau.com\/en\/cookie-policy-eu\/\" data-type=\"page\" data-id=\"2233\">Cookie policy (EU)<\/a><\/p><p    >You can find out more about the use of cookies on the CNIL website: <a href=\"https:\/\/www.cnil.fr\/fr\/cookies-et-autres-traceurs\/comment-se-proteger\/maitriser-votre-navigateur\" target=\"_blank\" rel=\"noreferrer noopener\">cnil.fr<\/a><\/p><p    ><strong>Information on privacy policy and personal data management :<\/strong><\/p><p   id=\"2138\" >Detailed information on <a href=\"https:\/\/www.camping-vert-gapeau.com\/en\/confidentiality-and-personal-data\/\" data-type=\"page\" data-id=\"2138\">privacy policy and personal data management<\/a><\/p><\/div><\/div>","protected":false},"excerpt":{"rendered":"<p>Terms of use Address: Tel: Mail: SIRET: RCS: VAT : Capital : The website is hosted by Niwanet. FRANCECOM, Web Agency8 rue des Bruy\u00e8res, b\u00e2timent B, 44400 Rez\u00e9T\u00e9l: 02 51 80 88 88Fax: 02 51 80 88 87Web: https:\/\/francecom.fr\/RCS : Nantes B 410 557 151SIRET : 41055715100041 Consultation of the website is subject to full [&hellip;]<\/p>\n","protected":false},"author":1,"featured_media":0,"parent":0,"menu_order":0,"comment_status":"closed","ping_status":"closed","template":"","meta":{"_acf_changed":false,"footnotes":""},"acf":[],"_links":{"self":[{"href":"https:\/\/www.camping-vert-gapeau.com\/en\/wp-json\/wp\/v2\/pages\/2239"}],"collection":[{"href":"https:\/\/www.camping-vert-gapeau.com\/en\/wp-json\/wp\/v2\/pages"}],"about":[{"href":"https:\/\/www.camping-vert-gapeau.com\/en\/wp-json\/wp\/v2\/types\/page"}],"author":[{"embeddable":true,"href":"https:\/\/www.camping-vert-gapeau.com\/en\/wp-json\/wp\/v2\/users\/1"}],"replies":[{"embeddable":true,"href":"https:\/\/www.camping-vert-gapeau.com\/en\/wp-json\/wp\/v2\/comments?post=2239"}],"version-history":[{"count":2,"href":"https:\/\/www.camping-vert-gapeau.com\/en\/wp-json\/wp\/v2\/pages\/2239\/revisions"}],"predecessor-version":[{"id":2294,"href":"https:\/\/www.camping-vert-gapeau.com\/en\/wp-json\/wp\/v2\/pages\/2239\/revisions\/2294"}],"wp:attachment":[{"href":"https:\/\/www.camping-vert-gapeau.com\/en\/wp-json\/wp\/v2\/media?parent=2239"}],"curies":[{"name":"wp","href":"https:\/\/api.w.org\/{rel}","templated":true}]}}